{"id":116,"date":"2016-12-04T13:20:08","date_gmt":"2016-12-04T12:20:08","guid":{"rendered":"http:\/\/kulturverein-stadtlandfluss.de\/?page_id=116"},"modified":"2016-12-04T13:38:54","modified_gmt":"2016-12-04T12:38:54","slug":"ueber-den-verein","status":"publish","type":"page","link":"http:\/\/kulturverein-stadtlandfluss.de\/?page_id=116","title":{"rendered":"\u00dcber den Verein"},"content":{"rendered":"<p>Der <strong>Kulturverein Stadt.Land.Fluss e.V.<\/strong> hat sich die F\u00f6rderung von Kunst und Kultur zur Aufgabe gemacht und will das kulturelle Leben in der Region bereichern. Geplant sind unterschiedliche Reihen mit Ausstellungen, Filmvorf\u00fchrungen, Lesungen, Konzerten und vielen weiteren Aktivit\u00e4ten. Auch im Rahmen regionaler Programme, wie dem Gartenkultur Musikfestival, wollen wir M\u00f6glichkeiten nutzen, attraktive Veranstaltungen f\u00fcr unterschiedliche Zielgruppen auszurichten. Zudem bieten wir einen Rahmen f\u00fcr Interessierte, sich zu vernetzen und streben an, einen Austausch zwischen Stadt und Land zu f\u00f6rdern.<\/p>\n<p>Sitz des Kulturvereins und Zentrum der Veranstaltungsreihen ist der Hof Hibbeler in Rechtern bei Barnstorf. Der weit \u00fcber 100 Jahre alte Hof war \u00fcber mehrere Generationen die Dorfkneipe, die nun wiederer\u00f6ffnet ist. Die Gastronomie unterst\u00fctzt die Veranstaltungen des Kulturvereins mit den M\u00f6glichkeiten seiner Infrastruktur und soll das Dorfleben f\u00f6rdern.<\/p>\n<p>Der <strong>Kulturverein Stadt.Land.Fluss e.V.<\/strong> ist gemeinn\u00fctzig, Spenden sind steuerlich absetzbar.<\/p>\n","protected":false},"excerpt":{"rendered":"<p>Der Kulturverein Stadt.Land.Fluss e.V. hat sich die F\u00f6rderung von Kunst und Kultur zur Aufgabe gemacht und will das kulturelle Leben in der Region bereichern. Geplant sind unterschiedliche Reihen mit Ausstellungen, Filmvorf\u00fchrungen, Lesungen, Konzerten und vielen weiteren Aktivit\u00e4ten. Auch im Rahmen regionaler Programme, wie dem Gartenkultur Musikfestival, wollen wir M\u00f6glichkeiten nutzen, attraktive Veranstaltungen f\u00fcr unterschiedliche Zielgruppen [&hellip;]<\/p>\n","protected":false},"author":1,"featured_media":0,"parent":0,"menu_order":0,"comment_status":"closed","ping_status":"closed","template":"","meta":{"footnotes":""},"class_list":["post-116","page","type-page","status-publish","hentry"],"_links":{"self":[{"href":"http:\/\/kulturverein-stadtlandfluss.de\/index.php?rest_route=\/wp\/v2\/pages\/116","targetHints":{"allow":["GET"]}}],"collection":[{"href":"http:\/\/kulturverein-stadtlandfluss.de\/index.php?rest_route=\/wp\/v2\/pages"}],"about":[{"href":"http:\/\/kulturverein-stadtlandfluss.de\/index.php?rest_route=\/wp\/v2\/types\/page"}],"author":[{"embeddable":true,"href":"http:\/\/kulturverein-stadtlandfluss.de\/index.php?rest_route=\/wp\/v2\/users\/1"}],"replies":[{"embeddable":true,"href":"http:\/\/kulturverein-stadtlandfluss.de\/index.php?rest_route=%2Fwp%2Fv2%2Fcomments&post=116"}],"version-history":[{"count":6,"href":"http:\/\/kulturverein-stadtlandfluss.de\/index.php?rest_route=\/wp\/v2\/pages\/116\/revisions"}],"predecessor-version":[{"id":122,"href":"http:\/\/kulturverein-stadtlandfluss.de\/index.php?rest_route=\/wp\/v2\/pages\/116\/revisions\/122"}],"wp:attachment":[{"href":"http:\/\/kulturverein-stadtlandfluss.de\/index.php?rest_route=%2Fwp%2Fv2%2Fmedia&parent=116"}],"curies":[{"name":"wp","href":"https:\/\/api.w.org\/{rel}","templated":true}]}}